{"id":4561,"date":"2018-11-04T22:09:39","date_gmt":"2018-11-04T21:09:39","guid":{"rendered":"https:\/\/www.cuinatscarrermajor.com\/?page_id=4561"},"modified":"2025-01-28T11:39:49","modified_gmt":"2025-01-28T10:39:49","slug":"home-la-nostra-cuina","status":"publish","type":"page","link":"https:\/\/www.cuinatscarrermajor.com\/es\/home-la-nostra-cuina\/","title":{"rendered":"Home &#8211; La nostra cuina"},"content":{"rendered":"<div data-elementor-type=\"wp-post\" data-elementor-id=\"4561\" class=\"elementor elementor-4561\" data-elementor-post-type=\"page\">\n\t\t\t\t\t\t<section class=\"elementor-section elementor-top-section elementor-element elementor-element-d8c437f elementor-section-boxed elementor-section-height-default elementor-section-height-default\" data-id=\"d8c437f\" data-element_type=\"section\" data-e-type=\"section\">\n\t\t\t\t\t\t<div class=\"elementor-container elementor-column-gap-extended\">\n\t\t\t\t\t<div class=\"elementor-column elementor-col-50 elementor-top-column elementor-element elementor-element-12695ec\" data-id=\"12695ec\" data-element_type=\"column\" data-e-type=\"column\">\n\t\t\t<div class=\"elementor-widget-wrap elementor-element-populated\">\n\t\t\t\t\t\t<div class=\"elementor-element elementor-element-651fe2e elementor-widget elementor-widget-heading\" data-id=\"651fe2e\" data-element_type=\"widget\" data-e-type=\"widget\" data-widget_type=\"heading.default\">\n\t\t\t\t<div class=\"elementor-widget-container\">\n\t\t\t\t\t<h2 class=\"elementor-heading-title elementor-size-default\">NUESTRA COCINA<\/h2>\t\t\t\t<\/div>\n\t\t\t\t<\/div>\n\t\t\t\t<div class=\"elementor-element elementor-element-7efb0e6 elementor-widget elementor-widget-text-editor\" data-id=\"7efb0e6\" data-element_type=\"widget\" data-e-type=\"widget\" data-widget_type=\"text-editor.default\">\n\t\t\t\t<div class=\"elementor-widget-container\">\n\t\t\t\t\t\t\t\t\t<p><strong>Cuinats Carrer Major<\/strong> sigue las pautas de la cocina tradicional catalana y dieta mediterr\u00e1nea, elaborando sus productos de forma artesanal y aprovechando las materias primas de cada temporada, d\u00e1ndole un toque de distinci\u00f3n a todos sus platos.<\/p><p>Esto unido a una trayectoria de m\u00e1s de 30 a\u00f1os en el mundo de la cocina trabajando en los m\u00e1s prestigiosos restaurantes de nuestra comarca, da como resultado una gran variedad de platos.<\/p>\t\t\t\t\t\t\t\t<\/div>\n\t\t\t\t<\/div>\n\t\t\t\t\t<\/div>\n\t\t<\/div>\n\t\t\t\t<div class=\"elementor-column elementor-col-50 elementor-top-column elementor-element elementor-element-e9f47ff\" data-id=\"e9f47ff\" data-element_type=\"column\" data-e-type=\"column\">\n\t\t\t<div class=\"elementor-widget-wrap elementor-element-populated\">\n\t\t\t\t\t\t<div class=\"elementor-element elementor-element-9ba640f elementor-arrows-position-inside elementor-widget elementor-widget-image-carousel\" data-id=\"9ba640f\" data-element_type=\"widget\" data-e-type=\"widget\" data-settings=\"{&quot;slides_to_show&quot;:&quot;1&quot;,&quot;navigation&quot;:&quot;arrows&quot;,&quot;autoplay_speed&quot;:3000,&quot;effect&quot;:&quot;fade&quot;,&quot;speed&quot;:1000,&quot;autoplay&quot;:&quot;yes&quot;,&quot;pause_on_hover&quot;:&quot;yes&quot;,&quot;pause_on_interaction&quot;:&quot;yes&quot;,&quot;infinite&quot;:&quot;yes&quot;}\" data-widget_type=\"image-carousel.default\">\n\t\t\t\t<div class=\"elementor-widget-container\">\n\t\t\t\t\t\t\t<div class=\"elementor-image-carousel-wrapper swiper\" role=\"region\" aria-roledescription=\"carousel\" aria-label=\"Carrusel de im\u00e1genes\" dir=\"ltr\">\n\t\t\t<div class=\"elementor-image-carousel swiper-wrapper swiper-image-stretch\" aria-live=\"off\">\n\t\t\t\t\t\t\t\t<div class=\"swiper-slide\" role=\"group\" aria-roledescription=\"slide\" aria-label=\"1 de 6\"><figure class=\"swiper-slide-inner\"><img decoding=\"async\" class=\"swiper-slide-image\" src=\"https:\/\/www.cuinatscarrermajor.com\/wp-content\/uploads\/2021\/11\/Cuinats-Carrer-Major-La-nostra-cuina-Amanides.jpg\" alt=\"Cuinats Carrer Major -  Nuestra cocina - Ensaladas\" \/><figcaption class=\"elementor-image-carousel-caption\">Ensaladas<\/figcaption><\/figure><\/div><div class=\"swiper-slide\" role=\"group\" aria-roledescription=\"slide\" aria-label=\"2 de 6\"><figure class=\"swiper-slide-inner\"><img decoding=\"async\" class=\"swiper-slide-image\" src=\"https:\/\/www.cuinatscarrermajor.com\/wp-content\/uploads\/2021\/11\/Cuinats-Carrer-Major-La-nostra-cuina-Arrossos-i-pastes.jpg\" alt=\"Cuinats Carrer Major -  Nuestra cocina - Arroces y pastas\" \/><figcaption class=\"elementor-image-carousel-caption\">Arroces y Pastas<\/figcaption><\/figure><\/div><div class=\"swiper-slide\" role=\"group\" aria-roledescription=\"slide\" aria-label=\"3 de 6\"><figure class=\"swiper-slide-inner\"><img decoding=\"async\" class=\"swiper-slide-image\" src=\"https:\/\/www.cuinatscarrermajor.com\/wp-content\/uploads\/2021\/11\/Cuinats-Carrer-Major-La-nostra-cuina-Entrants.jpg\" alt=\"Cuinats Carrer Major -  Nuestra cocina - Entrantes\" \/><figcaption class=\"elementor-image-carousel-caption\">Entrantes<\/figcaption><\/figure><\/div><div class=\"swiper-slide\" role=\"group\" aria-roledescription=\"slide\" aria-label=\"4 de 6\"><figure class=\"swiper-slide-inner\"><img decoding=\"async\" class=\"swiper-slide-image\" src=\"https:\/\/www.cuinatscarrermajor.com\/wp-content\/uploads\/2021\/11\/Cuinats-Carrer-Major-La-nostra-cuina-Peix.jpg\" alt=\"Cuinats Carrer Major -  Nuestra cocina - Pescado\" \/><figcaption class=\"elementor-image-carousel-caption\">Pescados<\/figcaption><\/figure><\/div><div class=\"swiper-slide\" role=\"group\" aria-roledescription=\"slide\" aria-label=\"5 de 6\"><figure class=\"swiper-slide-inner\"><img decoding=\"async\" class=\"swiper-slide-image\" src=\"https:\/\/www.cuinatscarrermajor.com\/wp-content\/uploads\/2021\/11\/Cuinats-Carrer-Major-La-nostra-cuina-Carns.jpg\" alt=\"Cuinats Carrer Major -  Nuestra cocina - Carnes\" \/><figcaption class=\"elementor-image-carousel-caption\">Carnes<\/figcaption><\/figure><\/div><div class=\"swiper-slide\" role=\"group\" aria-roledescription=\"slide\" aria-label=\"6 de 6\"><figure class=\"swiper-slide-inner\"><img decoding=\"async\" class=\"swiper-slide-image\" src=\"https:\/\/www.cuinatscarrermajor.com\/wp-content\/uploads\/2021\/11\/Cuinats-Carrer-Major-La-nostra-cuina-Postres.jpg\" alt=\"Cuinats Carrer Major -  Nuestra cocina - Postres\" \/><figcaption class=\"elementor-image-carousel-caption\">Postres<\/figcaption><\/figure><\/div>\t\t\t<\/div>\n\t\t\t\t\t\t\t\t\t\t\t\t<div class=\"elementor-swiper-button elementor-swiper-button-prev\" role=\"button\" tabindex=\"0\">\n\t\t\t\t\t\t<i aria-hidden=\"true\" class=\"eicon-chevron-left\"><\/i>\t\t\t\t\t<\/div>\n\t\t\t\t\t<div class=\"elementor-swiper-button elementor-swiper-button-next\" role=\"button\" tabindex=\"0\">\n\t\t\t\t\t\t<i aria-hidden=\"true\" class=\"eicon-chevron-right\"><\/i>\t\t\t\t\t<\/div>\n\t\t\t\t\n\t\t\t\t\t\t\t\t\t<\/div>\n\t\t\t\t\t\t<\/div>\n\t\t\t\t<\/div>\n\t\t\t\t\t<\/div>\n\t\t<\/div>\n\t\t\t\t\t<\/div>\n\t\t<\/section>\n\t\t\t\t<\/div>","protected":false},"excerpt":{"rendered":"<p>LA NOSTRA CUINA Cuinats Carrer Major segueix les pautes de la cuina tradicional catalana i dieta mediterr\u00e0nia, elaborant els seus productes de forma artesanal i aprofitant les mat\u00e8ries primeres de cada temporada, donant-li un toc de distinci\u00f3 a tots el seus plats. Aix\u00f2 unit a una traject\u00f2ria de m\u00e9s de 30 anys al m\u00f3n de<br \/><a class=\"moretag\" href=\"https:\/\/www.cuinatscarrermajor.com\/es\/home-la-nostra-cuina\/\">+ Read More<\/a><\/p>","protected":false},"author":1065413,"featured_media":0,"parent":0,"menu_order":0,"comment_status":"closed","ping_status":"closed","template":"","meta":{"footnotes":""},"class_list":["post-4561","page","type-page","status-publish","hentry"],"_links":{"self":[{"href":"https:\/\/www.cuinatscarrermajor.com\/es\/wp-json\/wp\/v2\/pages\/4561","targetHints":{"allow":["GET"]}}],"collection":[{"href":"https:\/\/www.cuinatscarrermajor.com\/es\/wp-json\/wp\/v2\/pages"}],"about":[{"href":"https:\/\/www.cuinatscarrermajor.com\/es\/wp-json\/wp\/v2\/types\/page"}],"author":[{"embeddable":true,"href":"https:\/\/www.cuinatscarrermajor.com\/es\/wp-json\/wp\/v2\/users\/1065413"}],"replies":[{"embeddable":true,"href":"https:\/\/www.cuinatscarrermajor.com\/es\/wp-json\/wp\/v2\/comments?post=4561"}],"version-history":[{"count":0,"href":"https:\/\/www.cuinatscarrermajor.com\/es\/wp-json\/wp\/v2\/pages\/4561\/revisions"}],"wp:attachment":[{"href":"https:\/\/www.cuinatscarrermajor.com\/es\/wp-json\/wp\/v2\/media?parent=4561"}],"curies":[{"name":"wp","href":"https:\/\/api.w.org\/{rel}","templated":true}]}}