{"id":4269,"date":"2018-10-30T11:16:46","date_gmt":"2018-10-30T10:16:46","guid":{"rendered":"https:\/\/www.cuinatscarrermajor.com\/?page_id=4269"},"modified":"2025-01-28T10:40:23","modified_gmt":"2025-01-28T09:40:23","slug":"home-benvinguda","status":"publish","type":"page","link":"https:\/\/www.cuinatscarrermajor.com\/es\/home-benvinguda\/","title":{"rendered":"Home &#8211; Benvinguda"},"content":{"rendered":"<div data-elementor-type=\"wp-post\" data-elementor-id=\"4269\" class=\"elementor elementor-4269\" data-elementor-post-type=\"page\">\n\t\t\t\t\t\t<section class=\"elementor-section elementor-top-section elementor-element elementor-element-5d47e58 elementor-section-boxed elementor-section-height-default elementor-section-height-default\" data-id=\"5d47e58\" data-element_type=\"section\" data-e-type=\"section\">\n\t\t\t\t\t\t<div class=\"elementor-container elementor-column-gap-default\">\n\t\t\t\t\t<div class=\"elementor-column elementor-col-50 elementor-top-column elementor-element elementor-element-680e2e3\" data-id=\"680e2e3\" data-element_type=\"column\" data-e-type=\"column\">\n\t\t\t<div class=\"elementor-widget-wrap elementor-element-populated\">\n\t\t\t\t\t\t<div class=\"elementor-element elementor-element-cb58205 elementor-widget elementor-widget-premium-addon-banner\" data-id=\"cb58205\" data-element_type=\"widget\" data-e-type=\"widget\" data-widget_type=\"premium-addon-banner.default\">\n\t\t\t\t<div class=\"elementor-widget-container\">\n\t\t\t\t\t\t\t<div class=\"premium-banner-ib premium-banner-min-height premium-banner-animation1 none active premium-banner__effect-type2\">\n\t\t\t\t\t\t\t\t\t\t<img fetchpriority=\"high\" decoding=\"async\" width=\"900\" height=\"781\" src=\"https:\/\/www.cuinatscarrermajor.com\/wp-content\/uploads\/2018\/11\/Xef-Enrique.jpg\" class=\"attachment-full size-full wp-image-5391\" alt=\"Chef Enrique | Cuinats Carrer Major\" srcset=\"https:\/\/www.cuinatscarrermajor.com\/wp-content\/uploads\/2018\/11\/Xef-Enrique.jpg 900w, https:\/\/www.cuinatscarrermajor.com\/wp-content\/uploads\/2018\/11\/Xef-Enrique-300x260.jpg 300w, https:\/\/www.cuinatscarrermajor.com\/wp-content\/uploads\/2018\/11\/Xef-Enrique-768x666.jpg 768w, https:\/\/www.cuinatscarrermajor.com\/wp-content\/uploads\/2018\/11\/Xef-Enrique-50x42.jpg 50w\" sizes=\"(max-width: 900px) 100vw, 900px\" \/>\t\t\t\t\t\t\t\t\t<div class=\"premium-banner-ib-desc\">\n\t\t\t\t\n\t\t\t\t\t\t\t\t\t<h3 class=\"premium-banner-ib-title premium_banner_title\">\n\t\t\t\t\t\tChef Enrique\t\t\t\t\t<\/h3>\n\t\t\t\t\n\t\t\t\t\n\t\t\t\t\n\t\t\t\t\t\t\t<\/div>\n\t\t\t\t\t<\/div>\n\n\t\t\t\t\t\t<\/div>\n\t\t\t\t<\/div>\n\t\t\t\t\t<\/div>\n\t\t<\/div>\n\t\t\t\t<div class=\"elementor-column elementor-col-50 elementor-top-column elementor-element elementor-element-a021891\" data-id=\"a021891\" data-element_type=\"column\" data-e-type=\"column\">\n\t\t\t<div class=\"elementor-widget-wrap elementor-element-populated\">\n\t\t\t\t\t\t<section class=\"elementor-section elementor-inner-section elementor-element elementor-element-cdc85c7 elementor-section-content-middle elementor-section-boxed elementor-section-height-default elementor-section-height-default\" data-id=\"cdc85c7\" data-element_type=\"section\" data-e-type=\"section\">\n\t\t\t\t\t\t<div class=\"elementor-container elementor-column-gap-narrow\">\n\t\t\t\t\t<div class=\"elementor-column elementor-col-100 elementor-inner-column elementor-element elementor-element-f4f7a5f\" data-id=\"f4f7a5f\" data-element_type=\"column\" data-e-type=\"column\" data-settings=\"{&quot;background_background&quot;:&quot;classic&quot;}\">\n\t\t\t<div class=\"elementor-widget-wrap elementor-element-populated\">\n\t\t\t\t\t\t<div class=\"elementor-element elementor-element-85dc364 elementor-widget elementor-widget-heading\" data-id=\"85dc364\" data-element_type=\"widget\" data-e-type=\"widget\" data-widget_type=\"heading.default\">\n\t\t\t\t<div class=\"elementor-widget-container\">\n\t\t\t\t\t<h2 class=\"elementor-heading-title elementor-size-default\">Hola, Soy Enrique<\/h2>\t\t\t\t<\/div>\n\t\t\t\t<\/div>\n\t\t\t\t<div class=\"elementor-element elementor-element-dab0dc1 elementor-widget elementor-widget-heading\" data-id=\"dab0dc1\" data-element_type=\"widget\" data-e-type=\"widget\" data-widget_type=\"heading.default\">\n\t\t\t\t<div class=\"elementor-widget-container\">\n\t\t\t\t\t<h2 class=\"elementor-heading-title elementor-size-default\">y te quiero dar la bienvenida a nuestro<\/h2>\t\t\t\t<\/div>\n\t\t\t\t<\/div>\n\t\t\t\t<div class=\"elementor-element elementor-element-4e02af5 elementor-widget elementor-widget-heading\" data-id=\"4e02af5\" data-element_type=\"widget\" data-e-type=\"widget\" data-widget_type=\"heading.default\">\n\t\t\t\t<div class=\"elementor-widget-container\">\n\t\t\t\t\t<h2 class=\"elementor-heading-title elementor-size-default\">espacio gastron\u00f3mico<\/h2>\t\t\t\t<\/div>\n\t\t\t\t<\/div>\n\t\t\t\t<div class=\"elementor-element elementor-element-0c42b67 elementor-widget elementor-widget-text-editor\" data-id=\"0c42b67\" data-element_type=\"widget\" data-e-type=\"widget\" data-widget_type=\"text-editor.default\">\n\t\t\t\t<div class=\"elementor-widget-container\">\n\t\t\t\t\t\t\t\t\t<p><strong>Cuinats Carrer Major<\/strong> es cocina tradicional, dieta mediterr\u00e1nea y calidad; pero tambi\u00e9n es comodidad y tranquilidad en tu d\u00eda a d\u00eda.<\/p><p>Preparamos nuestros platos a diario con producto de proximidad y temporada.<\/p><p>\u00a1Toda nuestra cocina en nuestro espacio web! <strong>Gracias por tu confianza<\/strong>.<\/p>\t\t\t\t\t\t\t\t<\/div>\n\t\t\t\t<\/div>\n\t\t\t\t\t<\/div>\n\t\t<\/div>\n\t\t\t\t\t<\/div>\n\t\t<\/section>\n\t\t\t\t\t<\/div>\n\t\t<\/div>\n\t\t\t\t\t<\/div>\n\t\t<\/section>\n\t\t\t\t<\/div>","protected":false},"excerpt":{"rendered":"<p>Xef Enrique Hola, S\u00f3c l\u2019Enrique i et vull donar la benvinguda al nostre espai gastron\u00f2mic Cuinats Carrer Major \u00e9s cuina tradicional, dieta mediterr\u00e0nia i qualitat; per\u00f2 tamb\u00e9 \u00e9s comoditat i tranquil\u00b7litat en el teu dia a dia. Preparem els nostres plats a diari amb producte de proximitat i de temporada. Tota la nostra cuina al<br \/><a class=\"moretag\" href=\"https:\/\/www.cuinatscarrermajor.com\/es\/home-benvinguda\/\">+ Read More<\/a><\/p>","protected":false},"author":1065413,"featured_media":0,"parent":0,"menu_order":0,"comment_status":"closed","ping_status":"closed","template":"","meta":{"footnotes":""},"class_list":["post-4269","page","type-page","status-publish","hentry"],"_links":{"self":[{"href":"https:\/\/www.cuinatscarrermajor.com\/es\/wp-json\/wp\/v2\/pages\/4269","targetHints":{"allow":["GET"]}}],"collection":[{"href":"https:\/\/www.cuinatscarrermajor.com\/es\/wp-json\/wp\/v2\/pages"}],"about":[{"href":"https:\/\/www.cuinatscarrermajor.com\/es\/wp-json\/wp\/v2\/types\/page"}],"author":[{"embeddable":true,"href":"https:\/\/www.cuinatscarrermajor.com\/es\/wp-json\/wp\/v2\/users\/1065413"}],"replies":[{"embeddable":true,"href":"https:\/\/www.cuinatscarrermajor.com\/es\/wp-json\/wp\/v2\/comments?post=4269"}],"version-history":[{"count":0,"href":"https:\/\/www.cuinatscarrermajor.com\/es\/wp-json\/wp\/v2\/pages\/4269\/revisions"}],"wp:attachment":[{"href":"https:\/\/www.cuinatscarrermajor.com\/es\/wp-json\/wp\/v2\/media?parent=4269"}],"curies":[{"name":"wp","href":"https:\/\/api.w.org\/{rel}","templated":true}]}}