{"id":4184,"date":"2018-10-29T11:20:47","date_gmt":"2018-10-29T10:20:47","guid":{"rendered":"https:\/\/www.cuinatscarrermajor.com\/?page_id=4184"},"modified":"2025-10-14T21:57:59","modified_gmt":"2025-10-14T19:57:59","slug":"tienda","status":"publish","type":"page","link":"https:\/\/www.cuinatscarrermajor.com\/es\/tienda\/","title":{"rendered":"La Tienda"},"content":{"rendered":"<div data-elementor-type=\"wp-post\" data-elementor-id=\"4184\" class=\"elementor elementor-4184\" data-elementor-post-type=\"page\">\n\t\t\t\t\t\t<section class=\"elementor-section elementor-top-section elementor-element elementor-element-914789f elementor-section-full_width elementor-section-height-default elementor-section-height-default\" data-id=\"914789f\" data-element_type=\"section\" data-e-type=\"section\">\n\t\t\t\t\t\t<div class=\"elementor-container elementor-column-gap-no\">\n\t\t\t\t\t<div class=\"elementor-column elementor-col-100 elementor-top-column elementor-element elementor-element-7012f6d\" data-id=\"7012f6d\" data-element_type=\"column\" data-e-type=\"column\">\n\t\t\t<div class=\"elementor-widget-wrap elementor-element-populated\">\n\t\t\t\t\t\t<div class=\"elementor-element elementor-element-994b434 elementor-widget elementor-widget-text-editor\" data-id=\"994b434\" data-element_type=\"widget\" data-e-type=\"widget\" data-widget_type=\"text-editor.default\">\n\t\t\t\t<div class=\"elementor-widget-container\">\n\t\t\t\t\t\t\t\t\t<p class=\"translation-block\">Nuestra tienda, en el centro de <strong>Sant Feliu de Gu\u00edxols<\/strong>.<\/p><p class=\"translation-block\">Un moderno local donde encontrar\u00e1s un amplio surtido de platos, cocinados a diario por nuestro chef <strong>Enrique<\/strong>.<\/p>\t\t\t\t\t\t\t\t<\/div>\n\t\t\t\t<\/div>\n\t\t\t\t\t<\/div>\n\t\t<\/div>\n\t\t\t\t\t<\/div>\n\t\t<\/section>\n\t\t\t\t<section class=\"elementor-section elementor-top-section elementor-element elementor-element-58df421 elementor-section-full_width elementor-section-height-default elementor-section-height-default\" data-id=\"58df421\" data-element_type=\"section\" data-e-type=\"section\">\n\t\t\t\t\t\t<div class=\"elementor-container elementor-column-gap-no\">\n\t\t\t\t\t<div class=\"elementor-column elementor-col-100 elementor-top-column elementor-element elementor-element-6c864a0\" data-id=\"6c864a0\" data-element_type=\"column\" data-e-type=\"column\">\n\t\t\t<div class=\"elementor-widget-wrap elementor-element-populated\">\n\t\t\t\t\t\t<div class=\"elementor-element elementor-element-4e19745 elementor-align-center elementor-icon-list--layout-traditional elementor-list-item-link-full_width elementor-widget elementor-widget-icon-list\" data-id=\"4e19745\" data-element_type=\"widget\" data-e-type=\"widget\" data-widget_type=\"icon-list.default\">\n\t\t\t\t<div class=\"elementor-widget-container\">\n\t\t\t\t\t\t\t<ul class=\"elementor-icon-list-items\">\n\t\t\t\t\t\t\t<li class=\"elementor-icon-list-item\">\n\t\t\t\t\t\t\t\t\t\t\t<span class=\"elementor-icon-list-icon\">\n\t\t\t\t\t\t\t<i aria-hidden=\"true\" class=\"fas fa-map-marked-alt\"><\/i>\t\t\t\t\t\t<\/span>\n\t\t\t\t\t\t\t\t\t\t<span class=\"elementor-icon-list-text\">D\u00f3nde estamos<\/span>\n\t\t\t\t\t\t\t\t\t<\/li>\n\t\t\t\t\t\t<\/ul>\n\t\t\t\t\t\t<\/div>\n\t\t\t\t<\/div>\n\t\t\t\t<div class=\"elementor-element elementor-element-5c4c348 elementor-align-center elementor-icon-list--layout-traditional elementor-list-item-link-full_width elementor-widget elementor-widget-icon-list\" data-id=\"5c4c348\" data-element_type=\"widget\" data-e-type=\"widget\" data-widget_type=\"icon-list.default\">\n\t\t\t\t<div class=\"elementor-widget-container\">\n\t\t\t\t\t\t\t<ul class=\"elementor-icon-list-items\">\n\t\t\t\t\t\t\t<li class=\"elementor-icon-list-item\">\n\t\t\t\t\t\t\t\t\t\t\t<span class=\"elementor-icon-list-icon\">\n\t\t\t\t\t\t\t<i aria-hidden=\"true\" class=\"fas fa-map-marker-alt\"><\/i>\t\t\t\t\t\t<\/span>\n\t\t\t\t\t\t\t\t\t\t<span class=\"elementor-icon-list-text\">Te esperamos en: <strong>Calle Major, 38. Sant Feliu de Gu\u00edxols<\/strong><\/span>\n\t\t\t\t\t\t\t\t\t<\/li>\n\t\t\t\t\t\t<\/ul>\n\t\t\t\t\t\t<\/div>\n\t\t\t\t<\/div>\n\t\t\t\t\t<\/div>\n\t\t<\/div>\n\t\t\t\t\t<\/div>\n\t\t<\/section>\n\t\t\t\t<section class=\"elementor-section elementor-top-section elementor-element elementor-element-20caff8 elementor-section-full_width elementor-section-height-default elementor-section-height-default\" data-id=\"20caff8\" data-element_type=\"section\" data-e-type=\"section\">\n\t\t\t\t\t\t<div class=\"elementor-container elementor-column-gap-no\">\n\t\t\t\t\t<div class=\"elementor-column elementor-col-100 elementor-top-column elementor-element elementor-element-2efedbd\" data-id=\"2efedbd\" data-element_type=\"column\" data-e-type=\"column\">\n\t\t\t<div class=\"elementor-widget-wrap elementor-element-populated\">\n\t\t\t\t\t\t<div class=\"elementor-element elementor-element-1eab9ee elementor-align-center elementor-icon-list--layout-traditional elementor-list-item-link-full_width elementor-widget elementor-widget-icon-list\" data-id=\"1eab9ee\" data-element_type=\"widget\" data-e-type=\"widget\" data-widget_type=\"icon-list.default\">\n\t\t\t\t<div class=\"elementor-widget-container\">\n\t\t\t\t\t\t\t<ul class=\"elementor-icon-list-items\">\n\t\t\t\t\t\t\t<li class=\"elementor-icon-list-item\">\n\t\t\t\t\t\t\t\t\t\t\t<a href=\"tel:972326264\">\n\n\t\t\t\t\t\t\t\t\t\t\t\t<span class=\"elementor-icon-list-icon\">\n\t\t\t\t\t\t\t<i aria-hidden=\"true\" class=\"fas fa-phone\"><\/i>\t\t\t\t\t\t<\/span>\n\t\t\t\t\t\t\t\t\t\t<span class=\"elementor-icon-list-text\">Tel\u00e9fono <strong>972 32 62 64<\/strong><\/span>\n\t\t\t\t\t\t\t\t\t\t\t<\/a>\n\t\t\t\t\t\t\t\t\t<\/li>\n\t\t\t\t\t\t<\/ul>\n\t\t\t\t\t\t<\/div>\n\t\t\t\t<\/div>\n\t\t\t\t\t<\/div>\n\t\t<\/div>\n\t\t\t\t\t<\/div>\n\t\t<\/section>\n\t\t\t\t<section class=\"elementor-section elementor-top-section elementor-element elementor-element-eb4ec82 elementor-section-boxed elementor-section-height-default elementor-section-height-default\" data-id=\"eb4ec82\" data-element_type=\"section\" data-e-type=\"section\">\n\t\t\t\t\t\t<div class=\"elementor-container elementor-column-gap-default\">\n\t\t\t\t\t<div class=\"elementor-column elementor-col-100 elementor-top-column elementor-element elementor-element-3e8c4d6\" data-id=\"3e8c4d6\" data-element_type=\"column\" data-e-type=\"column\">\n\t\t\t<div class=\"elementor-widget-wrap elementor-element-populated\">\n\t\t\t\t\t\t<div class=\"elementor-element elementor-element-a59c0c2 elementor-widget elementor-widget-google_maps\" data-id=\"a59c0c2\" data-element_type=\"widget\" data-e-type=\"widget\" data-widget_type=\"google_maps.default\">\n\t\t\t\t<div class=\"elementor-widget-container\">\n\t\t\t\t\t\t\t<div class=\"elementor-custom-embed\">\n\t\t\t<iframe loading=\"lazy\"\n\t\t\t\t\tsrc=\"https:\/\/maps.google.com\/maps?q=Cuinats%20Carrer%20Major.%20Carrer%20Major%2C%2038%20Sant%20Feliu%20de%20Guixols&#038;t=m&#038;z=16&#038;output=embed&#038;iwloc=near\"\n\t\t\t\t\ttitle=\"Cuinats Carrer Major. Calle Major, 38 Sant Feliu de Guixols\"\n\t\t\t\t\taria-label=\"Cuinats Carrer Major. Calle Major, 38 Sant Feliu de Guixols\"\n\t\t\t><\/iframe>\n\t\t<\/div>\n\t\t\t\t\t\t<\/div>\n\t\t\t\t<\/div>\n\t\t\t\t\t<\/div>\n\t\t<\/div>\n\t\t\t\t\t<\/div>\n\t\t<\/section>\n\t\t\t\t<section class=\"elementor-section elementor-top-section elementor-element elementor-element-01de91b elementor-section-full_width elementor-section-height-default elementor-section-height-default\" data-id=\"01de91b\" data-element_type=\"section\" data-e-type=\"section\">\n\t\t\t\t\t\t<div class=\"elementor-container elementor-column-gap-no\">\n\t\t\t\t\t<div class=\"elementor-column elementor-col-100 elementor-top-column elementor-element elementor-element-fe4f745\" data-id=\"fe4f745\" data-element_type=\"column\" data-e-type=\"column\">\n\t\t\t<div class=\"elementor-widget-wrap elementor-element-populated\">\n\t\t\t\t\t\t<div class=\"elementor-element elementor-element-02a7ea6 elementor-align-center elementor-icon-list--layout-traditional elementor-list-item-link-full_width elementor-widget elementor-widget-icon-list\" data-id=\"02a7ea6\" data-element_type=\"widget\" data-e-type=\"widget\" data-widget_type=\"icon-list.default\">\n\t\t\t\t<div class=\"elementor-widget-container\">\n\t\t\t\t\t\t\t<ul class=\"elementor-icon-list-items\">\n\t\t\t\t\t\t\t<li class=\"elementor-icon-list-item\">\n\t\t\t\t\t\t\t\t\t\t\t<span class=\"elementor-icon-list-icon\">\n\t\t\t\t\t\t\t<i aria-hidden=\"true\" class=\"far fa-clock\"><\/i>\t\t\t\t\t\t<\/span>\n\t\t\t\t\t\t\t\t\t\t<span class=\"elementor-icon-list-text\">Horario<\/span>\n\t\t\t\t\t\t\t\t\t<\/li>\n\t\t\t\t\t\t<\/ul>\n\t\t\t\t\t\t<\/div>\n\t\t\t\t<\/div>\n\t\t\t\t<section class=\"elementor-section elementor-inner-section elementor-element elementor-element-2156f3e elementor-section-boxed elementor-section-height-default elementor-section-height-default\" data-id=\"2156f3e\" data-element_type=\"section\" data-e-type=\"section\">\n\t\t\t\t\t\t<div class=\"elementor-container elementor-column-gap-default\">\n\t\t\t\t\t<div class=\"elementor-column elementor-col-50 elementor-inner-column elementor-element elementor-element-bc879be\" data-id=\"bc879be\" data-element_type=\"column\" data-e-type=\"column\">\n\t\t\t<div class=\"elementor-widget-wrap elementor-element-populated\">\n\t\t\t\t\t\t<div class=\"elementor-element elementor-element-1f3c756 elementor-widget elementor-widget-heading\" data-id=\"1f3c756\" data-element_type=\"widget\" data-e-type=\"widget\" data-widget_type=\"heading.default\">\n\t\t\t\t<div class=\"elementor-widget-container\">\n\t\t\t\t\t<h4 class=\"elementor-heading-title elementor-size-default\">Invierno<\/h4>\t\t\t\t<\/div>\n\t\t\t\t<\/div>\n\t\t\t\t<div class=\"elementor-element elementor-element-bd57a2e elementor-widget elementor-widget-text-editor\" data-id=\"bd57a2e\" data-element_type=\"widget\" data-e-type=\"widget\" data-widget_type=\"text-editor.default\">\n\t\t\t\t<div class=\"elementor-widget-container\">\n\t\t\t\t\t\t\t\t\t<p><span style=\"font-size: 12pt;\">Lunes a Domingo<\/span><strong><br \/><\/strong><span style=\"font-size: 14pt;\"><strong>9:00h a 15:00h<\/strong><\/span><\/p>\t\t\t\t\t\t\t\t<\/div>\n\t\t\t\t<\/div>\n\t\t\t\t<div class=\"elementor-element elementor-element-4ae4d43 elementor-widget elementor-widget-text-editor\" data-id=\"4ae4d43\" data-element_type=\"widget\" data-e-type=\"widget\" data-widget_type=\"text-editor.default\">\n\t\t\t\t<div class=\"elementor-widget-container\">\n\t\t\t\t\t\t\t\t\t<p><span style=\"font-size: 14pt;\"><span style=\"font-size: 12pt;\">Martes<\/span><strong><br \/>Cerrado<\/strong><\/span><\/p>\t\t\t\t\t\t\t\t<\/div>\n\t\t\t\t<\/div>\n\t\t\t\t\t<\/div>\n\t\t<\/div>\n\t\t\t\t<div class=\"elementor-column elementor-col-50 elementor-inner-column elementor-element elementor-element-9c4c14e\" data-id=\"9c4c14e\" data-element_type=\"column\" data-e-type=\"column\">\n\t\t\t<div class=\"elementor-widget-wrap elementor-element-populated\">\n\t\t\t\t\t\t<div class=\"elementor-element elementor-element-0220544 elementor-widget elementor-widget-heading\" data-id=\"0220544\" data-element_type=\"widget\" data-e-type=\"widget\" data-widget_type=\"heading.default\">\n\t\t\t\t<div class=\"elementor-widget-container\">\n\t\t\t\t\t<h4 class=\"elementor-heading-title elementor-size-default\">Verano<\/h4>\t\t\t\t<\/div>\n\t\t\t\t<\/div>\n\t\t\t\t<div class=\"elementor-element elementor-element-e3ee98d elementor-widget elementor-widget-text-editor\" data-id=\"e3ee98d\" data-element_type=\"widget\" data-e-type=\"widget\" data-widget_type=\"text-editor.default\">\n\t\t\t\t<div class=\"elementor-widget-container\">\n\t\t\t\t\t\t\t\t\t<p><span style=\"font-size: 12pt;\">Lunes a Jueves<\/span><strong><br \/><\/strong><span style=\"font-size: 14pt;\"><strong>9:00h a 15:00h<\/strong><\/span><\/p>\t\t\t\t\t\t\t\t<\/div>\n\t\t\t\t<\/div>\n\t\t\t\t<div class=\"elementor-element elementor-element-382d870 elementor-widget elementor-widget-text-editor\" data-id=\"382d870\" data-element_type=\"widget\" data-e-type=\"widget\" data-widget_type=\"text-editor.default\">\n\t\t\t\t<div class=\"elementor-widget-container\">\n\t\t\t\t\t\t\t\t\t<p><span style=\"font-size: 12pt;\">Viernes y S\u00e1bado<\/span><strong><br \/><\/strong><span style=\"font-size: 14pt;\"><strong>9:00h a 15:00h &#8211; 19:00 a 21:00h<br \/><\/strong><\/span><\/p>\t\t\t\t\t\t\t\t<\/div>\n\t\t\t\t<\/div>\n\t\t\t\t<div class=\"elementor-element elementor-element-2d50470 elementor-widget elementor-widget-text-editor\" data-id=\"2d50470\" data-element_type=\"widget\" data-e-type=\"widget\" data-widget_type=\"text-editor.default\">\n\t\t\t\t<div class=\"elementor-widget-container\">\n\t\t\t\t\t\t\t\t\t<p><span style=\"font-size: 12pt;\">Domingo<\/span><strong><br \/><\/strong><span style=\"font-size: 14pt;\"><strong>9:00h a 15:00h<\/strong><\/span><\/p>\t\t\t\t\t\t\t\t<\/div>\n\t\t\t\t<\/div>\n\t\t\t\t\t<\/div>\n\t\t<\/div>\n\t\t\t\t\t<\/div>\n\t\t<\/section>\n\t\t\t\t\t<\/div>\n\t\t<\/div>\n\t\t\t\t\t<\/div>\n\t\t<\/section>\n\t\t\t\t<section class=\"elementor-section elementor-top-section elementor-element elementor-element-6074c36 elementor-section-full_width elementor-section-height-default elementor-section-height-default\" data-id=\"6074c36\" data-element_type=\"section\" data-e-type=\"section\">\n\t\t\t\t\t\t<div class=\"elementor-container elementor-column-gap-no\">\n\t\t\t\t\t<div class=\"elementor-column elementor-col-100 elementor-top-column elementor-element elementor-element-6b7264b\" data-id=\"6b7264b\" data-element_type=\"column\" data-e-type=\"column\">\n\t\t\t<div class=\"elementor-widget-wrap elementor-element-populated\">\n\t\t\t\t\t\t<div class=\"elementor-element elementor-element-c3095fb elementor-align-center elementor-icon-list--layout-traditional elementor-list-item-link-full_width elementor-widget elementor-widget-icon-list\" data-id=\"c3095fb\" data-element_type=\"widget\" data-e-type=\"widget\" data-widget_type=\"icon-list.default\">\n\t\t\t\t<div class=\"elementor-widget-container\">\n\t\t\t\t\t\t\t<ul class=\"elementor-icon-list-items\">\n\t\t\t\t\t\t\t<li class=\"elementor-icon-list-item\">\n\t\t\t\t\t\t\t\t\t\t\t<span class=\"elementor-icon-list-icon\">\n\t\t\t\t\t\t\t<i aria-hidden=\"true\" class=\"far fa-images\"><\/i>\t\t\t\t\t\t<\/span>\n\t\t\t\t\t\t\t\t\t\t<span class=\"elementor-icon-list-text\">Im\u00e1genes<\/span>\n\t\t\t\t\t\t\t\t\t<\/li>\n\t\t\t\t\t\t<\/ul>\n\t\t\t\t\t\t<\/div>\n\t\t\t\t<\/div>\n\t\t\t\t<div class=\"elementor-element elementor-element-f5710f3 elementor-widget elementor-widget-gallery\" data-id=\"f5710f3\" data-element_type=\"widget\" data-e-type=\"widget\" data-settings=\"{&quot;columns&quot;:3,&quot;gap&quot;:{&quot;unit&quot;:&quot;px&quot;,&quot;size&quot;:4,&quot;sizes&quot;:[]},&quot;lazyload&quot;:&quot;yes&quot;,&quot;gallery_layout&quot;:&quot;grid&quot;,&quot;columns_tablet&quot;:2,&quot;columns_mobile&quot;:1,&quot;gap_tablet&quot;:{&quot;unit&quot;:&quot;px&quot;,&quot;size&quot;:10,&quot;sizes&quot;:[]},&quot;gap_mobile&quot;:{&quot;unit&quot;:&quot;px&quot;,&quot;size&quot;:10,&quot;sizes&quot;:[]},&quot;link_to&quot;:&quot;file&quot;,&quot;aspect_ratio&quot;:&quot;3:2&quot;,&quot;overlay_background&quot;:&quot;yes&quot;,&quot;content_hover_animation&quot;:&quot;fade-in&quot;}\" data-widget_type=\"gallery.default\">\n\t\t\t\t<div class=\"elementor-widget-container\">\n\t\t\t\t\t\t\t<div class=\"elementor-gallery__container\">\n\t\t\t\t\t\t\t<a class=\"e-gallery-item elementor-gallery-item elementor-animated-content\" href=\"https:\/\/www.cuinatscarrermajor.com\/wp-content\/uploads\/2025\/01\/Cuinats-Carrer-Major-La-nostra-Botiga-6.jpg\" data-elementor-open-lightbox=\"yes\" data-elementor-lightbox-slideshow=\"f5710f3\" data-elementor-lightbox-title=\"Cuinats Carrer Major - La nostra Botiga\" data-e-action-hash=\"#elementor-action%3Aaction%3Dlightbox%26settings%3DeyJpZCI6MTMzNDIsInVybCI6Imh0dHBzOlwvXC93d3cuY3VpbmF0c2NhcnJlcm1ham9yLmNvbVwvd3AtY29udGVudFwvdXBsb2Fkc1wvMjAyNVwvMDFcL0N1aW5hdHMtQ2FycmVyLU1ham9yLUxhLW5vc3RyYS1Cb3RpZ2EtNi5qcGciLCJzbGlkZXNob3ciOiJmNTcxMGYzIn0%3D\">\n\t\t\t\t\t<div class=\"e-gallery-image elementor-gallery-item__image\" data-thumbnail=\"https:\/\/www.cuinatscarrermajor.com\/wp-content\/uploads\/2025\/01\/Cuinats-Carrer-Major-La-nostra-Botiga-6.jpg\" data-width=\"900\" data-height=\"482\" aria-label=\"Cuinats Carrer Major - Nuestra Tienda\" role=\"img\" ><\/div>\n\t\t\t\t\t\t\t\t\t\t\t<div class=\"elementor-gallery-item__overlay\"><\/div>\n\t\t\t\t\t\t\t\t\t\t\t\t\t\t<\/a>\n\t\t\t\t\t\t\t<a class=\"e-gallery-item elementor-gallery-item elementor-animated-content\" href=\"https:\/\/www.cuinatscarrermajor.com\/wp-content\/uploads\/2025\/01\/Cuinats-Carrer-Major-La-nostra-Botiga-5.jpg\" data-elementor-open-lightbox=\"yes\" data-elementor-lightbox-slideshow=\"f5710f3\" data-elementor-lightbox-title=\"Cuinats Carrer Major - La nostra Botiga\" data-e-action-hash=\"#elementor-action%3Aaction%3Dlightbox%26settings%3DeyJpZCI6MTMzNDEsInVybCI6Imh0dHBzOlwvXC93d3cuY3VpbmF0c2NhcnJlcm1ham9yLmNvbVwvd3AtY29udGVudFwvdXBsb2Fkc1wvMjAyNVwvMDFcL0N1aW5hdHMtQ2FycmVyLU1ham9yLUxhLW5vc3RyYS1Cb3RpZ2EtNS5qcGciLCJzbGlkZXNob3ciOiJmNTcxMGYzIn0%3D\">\n\t\t\t\t\t<div class=\"e-gallery-image elementor-gallery-item__image\" data-thumbnail=\"https:\/\/www.cuinatscarrermajor.com\/wp-content\/uploads\/2025\/01\/Cuinats-Carrer-Major-La-nostra-Botiga-5.jpg\" data-width=\"900\" data-height=\"482\" aria-label=\"Cuinats Carrer Major - Nuestra Tienda\" role=\"img\" ><\/div>\n\t\t\t\t\t\t\t\t\t\t\t<div class=\"elementor-gallery-item__overlay\"><\/div>\n\t\t\t\t\t\t\t\t\t\t\t\t\t\t<\/a>\n\t\t\t\t\t\t\t<a class=\"e-gallery-item elementor-gallery-item elementor-animated-content\" href=\"https:\/\/www.cuinatscarrermajor.com\/wp-content\/uploads\/2025\/01\/Cuinats-Carrer-Major-La-nostra-Botiga-1.jpg\" data-elementor-open-lightbox=\"yes\" data-elementor-lightbox-slideshow=\"f5710f3\" data-elementor-lightbox-title=\"Cuinats Carrer Major - La nostra Botiga\" data-e-action-hash=\"#elementor-action%3Aaction%3Dlightbox%26settings%3DeyJpZCI6MTMzMzcsInVybCI6Imh0dHBzOlwvXC93d3cuY3VpbmF0c2NhcnJlcm1ham9yLmNvbVwvd3AtY29udGVudFwvdXBsb2Fkc1wvMjAyNVwvMDFcL0N1aW5hdHMtQ2FycmVyLU1ham9yLUxhLW5vc3RyYS1Cb3RpZ2EtMS5qcGciLCJzbGlkZXNob3ciOiJmNTcxMGYzIn0%3D\">\n\t\t\t\t\t<div class=\"e-gallery-image elementor-gallery-item__image\" data-thumbnail=\"https:\/\/www.cuinatscarrermajor.com\/wp-content\/uploads\/2025\/01\/Cuinats-Carrer-Major-La-nostra-Botiga-1.jpg\" data-width=\"900\" data-height=\"482\" aria-label=\"Cuinats Carrer Major - Nuestra Tienda\" role=\"img\" ><\/div>\n\t\t\t\t\t\t\t\t\t\t\t<div class=\"elementor-gallery-item__overlay\"><\/div>\n\t\t\t\t\t\t\t\t\t\t\t\t\t\t<\/a>\n\t\t\t\t\t\t\t<a class=\"e-gallery-item elementor-gallery-item elementor-animated-content\" href=\"https:\/\/www.cuinatscarrermajor.com\/wp-content\/uploads\/2025\/01\/Cuinats-Carrer-Major-La-nostra-Botiga-3.jpg\" data-elementor-open-lightbox=\"yes\" data-elementor-lightbox-slideshow=\"f5710f3\" data-elementor-lightbox-title=\"Cuinats Carrer Major - La nostra Botiga\" data-e-action-hash=\"#elementor-action%3Aaction%3Dlightbox%26settings%3DeyJpZCI6MTMzMzksInVybCI6Imh0dHBzOlwvXC93d3cuY3VpbmF0c2NhcnJlcm1ham9yLmNvbVwvd3AtY29udGVudFwvdXBsb2Fkc1wvMjAyNVwvMDFcL0N1aW5hdHMtQ2FycmVyLU1ham9yLUxhLW5vc3RyYS1Cb3RpZ2EtMy5qcGciLCJzbGlkZXNob3ciOiJmNTcxMGYzIn0%3D\">\n\t\t\t\t\t<div class=\"e-gallery-image elementor-gallery-item__image\" data-thumbnail=\"https:\/\/www.cuinatscarrermajor.com\/wp-content\/uploads\/2025\/01\/Cuinats-Carrer-Major-La-nostra-Botiga-3.jpg\" data-width=\"900\" data-height=\"482\" aria-label=\"Cuinats Carrer Major - Nuestra Tienda\" role=\"img\" ><\/div>\n\t\t\t\t\t\t\t\t\t\t\t<div class=\"elementor-gallery-item__overlay\"><\/div>\n\t\t\t\t\t\t\t\t\t\t\t\t\t\t<\/a>\n\t\t\t\t\t\t\t<a class=\"e-gallery-item elementor-gallery-item elementor-animated-content\" href=\"https:\/\/www.cuinatscarrermajor.com\/wp-content\/uploads\/2025\/01\/Cuinats-Carrer-Major-La-nostra-Botiga-2.jpg\" data-elementor-open-lightbox=\"yes\" data-elementor-lightbox-slideshow=\"f5710f3\" data-elementor-lightbox-title=\"Cuinats Carrer Major - La nostra Botiga\" data-e-action-hash=\"#elementor-action%3Aaction%3Dlightbox%26settings%3DeyJpZCI6MTMzMzgsInVybCI6Imh0dHBzOlwvXC93d3cuY3VpbmF0c2NhcnJlcm1ham9yLmNvbVwvd3AtY29udGVudFwvdXBsb2Fkc1wvMjAyNVwvMDFcL0N1aW5hdHMtQ2FycmVyLU1ham9yLUxhLW5vc3RyYS1Cb3RpZ2EtMi5qcGciLCJzbGlkZXNob3ciOiJmNTcxMGYzIn0%3D\">\n\t\t\t\t\t<div class=\"e-gallery-image elementor-gallery-item__image\" data-thumbnail=\"https:\/\/www.cuinatscarrermajor.com\/wp-content\/uploads\/2025\/01\/Cuinats-Carrer-Major-La-nostra-Botiga-2.jpg\" data-width=\"900\" data-height=\"482\" aria-label=\"Cuinats Carrer Major - Nuestra Tienda\" role=\"img\" ><\/div>\n\t\t\t\t\t\t\t\t\t\t\t<div class=\"elementor-gallery-item__overlay\"><\/div>\n\t\t\t\t\t\t\t\t\t\t\t\t\t\t<\/a>\n\t\t\t\t\t\t\t<a class=\"e-gallery-item elementor-gallery-item elementor-animated-content\" href=\"https:\/\/www.cuinatscarrermajor.com\/wp-content\/uploads\/2025\/01\/Cuinats-Carrer-Major-La-nostra-Botiga-4.jpg\" data-elementor-open-lightbox=\"yes\" data-elementor-lightbox-slideshow=\"f5710f3\" data-elementor-lightbox-title=\"Cuinats Carrer Major - La nostra Botiga\" data-e-action-hash=\"#elementor-action%3Aaction%3Dlightbox%26settings%3DeyJpZCI6MTMzNDAsInVybCI6Imh0dHBzOlwvXC93d3cuY3VpbmF0c2NhcnJlcm1ham9yLmNvbVwvd3AtY29udGVudFwvdXBsb2Fkc1wvMjAyNVwvMDFcL0N1aW5hdHMtQ2FycmVyLU1ham9yLUxhLW5vc3RyYS1Cb3RpZ2EtNC5qcGciLCJzbGlkZXNob3ciOiJmNTcxMGYzIn0%3D\">\n\t\t\t\t\t<div class=\"e-gallery-image elementor-gallery-item__image\" data-thumbnail=\"https:\/\/www.cuinatscarrermajor.com\/wp-content\/uploads\/2025\/01\/Cuinats-Carrer-Major-La-nostra-Botiga-4.jpg\" data-width=\"900\" data-height=\"482\" aria-label=\"Cuinats Carrer Major - Nuestra Tienda\" role=\"img\" ><\/div>\n\t\t\t\t\t\t\t\t\t\t\t<div class=\"elementor-gallery-item__overlay\"><\/div>\n\t\t\t\t\t\t\t\t\t\t\t\t\t\t<\/a>\n\t\t\t\t\t<\/div>\n\t\t\t\t\t<\/div>\n\t\t\t\t<\/div>\n\t\t\t\t\t<\/div>\n\t\t<\/div>\n\t\t\t\t\t<\/div>\n\t\t<\/section>\n\t\t\t\t<\/div>","protected":false},"excerpt":{"rendered":"<p>La nostra botiga, al centre de Sant Feliu de Gu\u00edxols. Un modern local on trobar\u00e0s un ampli assortiment de plats, cuinats di\u00e0riament pel nostre xef Enrique. On som T&#8217;esperem a: Carrer Major, 38. Sant Feliu de Gu\u00edxols Tel\u00e8fon: 972 32 62 64 Horari Hivern Dilluns a Diumenge9:00h a 15:00h DimartsTancat Estiu Dilluns a Dijous9:00h a<br \/><a class=\"moretag\" href=\"https:\/\/www.cuinatscarrermajor.com\/es\/tienda\/\">+ Read More<\/a><\/p>","protected":false},"author":1065413,"featured_media":4849,"parent":0,"menu_order":0,"comment_status":"closed","ping_status":"closed","template":"templates\/page-fullwidth_template.php","meta":{"footnotes":""},"class_list":["post-4184","page","type-page","status-publish","has-post-thumbnail","hentry"],"_links":{"self":[{"href":"https:\/\/www.cuinatscarrermajor.com\/es\/wp-json\/wp\/v2\/pages\/4184","targetHints":{"allow":["GET"]}}],"collection":[{"href":"https:\/\/www.cuinatscarrermajor.com\/es\/wp-json\/wp\/v2\/pages"}],"about":[{"href":"https:\/\/www.cuinatscarrermajor.com\/es\/wp-json\/wp\/v2\/types\/page"}],"author":[{"embeddable":true,"href":"https:\/\/www.cuinatscarrermajor.com\/es\/wp-json\/wp\/v2\/users\/1065413"}],"replies":[{"embeddable":true,"href":"https:\/\/www.cuinatscarrermajor.com\/es\/wp-json\/wp\/v2\/comments?post=4184"}],"version-history":[{"count":7,"href":"https:\/\/www.cuinatscarrermajor.com\/es\/wp-json\/wp\/v2\/pages\/4184\/revisions"}],"predecessor-version":[{"id":14199,"href":"https:\/\/www.cuinatscarrermajor.com\/es\/wp-json\/wp\/v2\/pages\/4184\/revisions\/14199"}],"wp:featuredmedia":[{"embeddable":true,"href":"https:\/\/www.cuinatscarrermajor.com\/es\/wp-json\/wp\/v2\/media\/4849"}],"wp:attachment":[{"href":"https:\/\/www.cuinatscarrermajor.com\/es\/wp-json\/wp\/v2\/media?parent=4184"}],"curies":[{"name":"wp","href":"https:\/\/api.w.org\/{rel}","templated":true}]}}