{"id":4182,"date":"2018-10-29T11:20:20","date_gmt":"2018-10-29T10:20:20","guid":{"rendered":"https:\/\/www.cuinatscarrermajor.com\/?page_id=4182"},"modified":"2025-10-14T21:32:10","modified_gmt":"2025-10-14T19:32:10","slug":"targeta-fidelitat","status":"publish","type":"page","link":"https:\/\/www.cuinatscarrermajor.com\/es\/targeta-fidelitat\/","title":{"rendered":"Tarjeta fidelidad"},"content":{"rendered":"<div data-elementor-type=\"wp-page\" data-elementor-id=\"4182\" class=\"elementor elementor-4182\" data-elementor-post-type=\"page\">\n\t\t\t\t\t\t<section class=\"elementor-section elementor-top-section elementor-element elementor-element-3fa7c5b2 elementor-section-full_width elementor-section-height-default elementor-section-height-default\" data-id=\"3fa7c5b2\" data-element_type=\"section\" data-e-type=\"section\">\n\t\t\t\t\t\t<div class=\"elementor-container elementor-column-gap-no\">\n\t\t\t\t\t<div class=\"elementor-column elementor-col-100 elementor-top-column elementor-element elementor-element-19d1e21a\" data-id=\"19d1e21a\" data-element_type=\"column\" data-e-type=\"column\">\n\t\t\t<div class=\"elementor-widget-wrap elementor-element-populated\">\n\t\t\t\t\t\t<div class=\"elementor-element elementor-element-401d887a elementor-widget elementor-widget-text-editor\" data-id=\"401d887a\" data-element_type=\"widget\" data-e-type=\"widget\" data-widget_type=\"text-editor.default\">\n\t\t\t\t<div class=\"elementor-widget-container\">\n\t\t\t\t\t\t\t\t\t<p style=\"text-align: justify;\" class=\"translation-block\">Porque sabemos que conf\u00edas en nuestra cocina, porque sin ti <strong>Cuinats Carrer Major<\/strong> no ser\u00eda posible\u2026 \u00a1queremos premiar tu fidelidad!<\/p>\r\n\r\n<h3 style=\"text-align: center;\">Pide tu tarjeta y consigue un sello con cada compra<\/h3>\r\n<p style=\"text-align: justify;\">Puedes acumular sellos para:<\/p>\r\n\r\n<ul>\r\n \t<li style=\"text-align: justify;\">Men\u00fa diario.<\/li>\r\n \t<li style=\"text-align: justify;\">Plato del d\u00eda.<\/li>\r\n \t<li style=\"text-align: justify;\">Pollos al ast.<\/li>\r\n<\/ul>\r\n<p style=\"text-align: justify;\">As\u00ed que no te olvides, ll\u00e9vala siempre a la cartera y suma sellos\u2026 \u00a1al terminar obtendr\u00e1s un men\u00fa, un plato del d\u00eda o un pollo gentileza de la casa!<\/p>\r\n&nbsp;\t\t\t\t\t\t\t\t<\/div>\n\t\t\t\t<\/div>\n\t\t\t\t<div class=\"elementor-element elementor-element-f8c93e9 elementor-widget elementor-widget-gallery\" data-id=\"f8c93e9\" data-element_type=\"widget\" data-e-type=\"widget\" data-settings=\"{&quot;columns&quot;:2,&quot;gap&quot;:{&quot;unit&quot;:&quot;px&quot;,&quot;size&quot;:4,&quot;sizes&quot;:[]},&quot;lazyload&quot;:&quot;yes&quot;,&quot;gallery_layout&quot;:&quot;grid&quot;,&quot;columns_tablet&quot;:2,&quot;columns_mobile&quot;:1,&quot;gap_tablet&quot;:{&quot;unit&quot;:&quot;px&quot;,&quot;size&quot;:10,&quot;sizes&quot;:[]},&quot;gap_mobile&quot;:{&quot;unit&quot;:&quot;px&quot;,&quot;size&quot;:10,&quot;sizes&quot;:[]},&quot;link_to&quot;:&quot;file&quot;,&quot;aspect_ratio&quot;:&quot;3:2&quot;,&quot;overlay_background&quot;:&quot;yes&quot;,&quot;content_hover_animation&quot;:&quot;fade-in&quot;}\" data-widget_type=\"gallery.default\">\n\t\t\t\t<div class=\"elementor-widget-container\">\n\t\t\t\t\t\t\t<div class=\"elementor-gallery__container\">\n\t\t\t\t\t\t\t<a class=\"e-gallery-item elementor-gallery-item elementor-animated-content\" href=\"https:\/\/www.cuinatscarrermajor.com\/wp-content\/uploads\/2025\/01\/Cuinats-Carrer-Major-Targeta-fidelitat-3.jpg\" data-elementor-open-lightbox=\"yes\" data-elementor-lightbox-slideshow=\"f8c93e9\" data-elementor-lightbox-title=\"Cuinats Carrer Major -Targeta fidelitat\" data-e-action-hash=\"#elementor-action%3Aaction%3Dlightbox%26settings%3DeyJpZCI6MTMzMjMsInVybCI6Imh0dHBzOlwvXC93d3cuY3VpbmF0c2NhcnJlcm1ham9yLmNvbVwvd3AtY29udGVudFwvdXBsb2Fkc1wvMjAyNVwvMDFcL0N1aW5hdHMtQ2FycmVyLU1ham9yLVRhcmdldGEtZmlkZWxpdGF0LTMuanBnIiwic2xpZGVzaG93IjoiZjhjOTNlOSJ9\">\n\t\t\t\t\t<div class=\"e-gallery-image elementor-gallery-item__image\" data-thumbnail=\"https:\/\/www.cuinatscarrermajor.com\/wp-content\/uploads\/2025\/01\/Cuinats-Carrer-Major-Targeta-fidelitat-3.jpg\" data-width=\"900\" data-height=\"675\" aria-label=\"Cuinats Carrer Major \u2013 Tarjeta fidelidad\" role=\"img\" ><\/div>\n\t\t\t\t\t\t\t\t\t\t\t<div class=\"elementor-gallery-item__overlay\"><\/div>\n\t\t\t\t\t\t\t\t\t\t\t\t\t\t<\/a>\n\t\t\t\t\t\t\t<a class=\"e-gallery-item elementor-gallery-item elementor-animated-content\" href=\"https:\/\/www.cuinatscarrermajor.com\/wp-content\/uploads\/2025\/01\/Cuinats-Carrer-Major-Targeta-fidelitat-1.jpg\" data-elementor-open-lightbox=\"yes\" data-elementor-lightbox-slideshow=\"f8c93e9\" data-elementor-lightbox-title=\"Cuinats Carrer Major -Targeta fidelitat\" data-e-action-hash=\"#elementor-action%3Aaction%3Dlightbox%26settings%3DeyJpZCI6MTMzMjEsInVybCI6Imh0dHBzOlwvXC93d3cuY3VpbmF0c2NhcnJlcm1ham9yLmNvbVwvd3AtY29udGVudFwvdXBsb2Fkc1wvMjAyNVwvMDFcL0N1aW5hdHMtQ2FycmVyLU1ham9yLVRhcmdldGEtZmlkZWxpdGF0LTEuanBnIiwic2xpZGVzaG93IjoiZjhjOTNlOSJ9\">\n\t\t\t\t\t<div class=\"e-gallery-image elementor-gallery-item__image\" data-thumbnail=\"https:\/\/www.cuinatscarrermajor.com\/wp-content\/uploads\/2025\/01\/Cuinats-Carrer-Major-Targeta-fidelitat-1.jpg\" data-width=\"900\" data-height=\"675\" aria-label=\"Cuinats Carrer Major \u2013 Tarjeta fidelidad\" role=\"img\" ><\/div>\n\t\t\t\t\t\t\t\t\t\t\t<div class=\"elementor-gallery-item__overlay\"><\/div>\n\t\t\t\t\t\t\t\t\t\t\t\t\t\t<\/a>\n\t\t\t\t\t\t\t<a class=\"e-gallery-item elementor-gallery-item elementor-animated-content\" href=\"https:\/\/www.cuinatscarrermajor.com\/wp-content\/uploads\/2025\/01\/Cuinats-Carrer-Major-Targeta-fidelitat-4.jpg\" data-elementor-open-lightbox=\"yes\" data-elementor-lightbox-slideshow=\"f8c93e9\" data-elementor-lightbox-title=\"Cuinats Carrer Major -Targeta fidelitat\" data-e-action-hash=\"#elementor-action%3Aaction%3Dlightbox%26settings%3DeyJpZCI6MTMzMjQsInVybCI6Imh0dHBzOlwvXC93d3cuY3VpbmF0c2NhcnJlcm1ham9yLmNvbVwvd3AtY29udGVudFwvdXBsb2Fkc1wvMjAyNVwvMDFcL0N1aW5hdHMtQ2FycmVyLU1ham9yLVRhcmdldGEtZmlkZWxpdGF0LTQuanBnIiwic2xpZGVzaG93IjoiZjhjOTNlOSJ9\">\n\t\t\t\t\t<div class=\"e-gallery-image elementor-gallery-item__image\" data-thumbnail=\"https:\/\/www.cuinatscarrermajor.com\/wp-content\/uploads\/2025\/01\/Cuinats-Carrer-Major-Targeta-fidelitat-4.jpg\" data-width=\"900\" data-height=\"675\" aria-label=\"Cuinats Carrer Major \u2013 Tarjeta fidelidad\" role=\"img\" ><\/div>\n\t\t\t\t\t\t\t\t\t\t\t<div class=\"elementor-gallery-item__overlay\"><\/div>\n\t\t\t\t\t\t\t\t\t\t\t\t\t\t<\/a>\n\t\t\t\t\t\t\t<a class=\"e-gallery-item elementor-gallery-item elementor-animated-content\" href=\"https:\/\/www.cuinatscarrermajor.com\/wp-content\/uploads\/2025\/01\/Cuinats-Carrer-Major-Targeta-fidelitat-2.jpg\" data-elementor-open-lightbox=\"yes\" data-elementor-lightbox-slideshow=\"f8c93e9\" data-elementor-lightbox-title=\"Cuinats Carrer Major -Targeta fidelitat\" data-e-action-hash=\"#elementor-action%3Aaction%3Dlightbox%26settings%3DeyJpZCI6MTMzMjIsInVybCI6Imh0dHBzOlwvXC93d3cuY3VpbmF0c2NhcnJlcm1ham9yLmNvbVwvd3AtY29udGVudFwvdXBsb2Fkc1wvMjAyNVwvMDFcL0N1aW5hdHMtQ2FycmVyLU1ham9yLVRhcmdldGEtZmlkZWxpdGF0LTIuanBnIiwic2xpZGVzaG93IjoiZjhjOTNlOSJ9\">\n\t\t\t\t\t<div class=\"e-gallery-image elementor-gallery-item__image\" data-thumbnail=\"https:\/\/www.cuinatscarrermajor.com\/wp-content\/uploads\/2025\/01\/Cuinats-Carrer-Major-Targeta-fidelitat-2.jpg\" data-width=\"900\" data-height=\"675\" aria-label=\"Cuinats Carrer Major \u2013 Tarjeta fidelidad\" role=\"img\" ><\/div>\n\t\t\t\t\t\t\t\t\t\t\t<div class=\"elementor-gallery-item__overlay\"><\/div>\n\t\t\t\t\t\t\t\t\t\t\t\t\t\t<\/a>\n\t\t\t\t\t<\/div>\n\t\t\t\t\t<\/div>\n\t\t\t\t<\/div>\n\t\t\t\t\t<\/div>\n\t\t<\/div>\n\t\t\t\t\t<\/div>\n\t\t<\/section>\n\t\t\t\t<\/div>","protected":false},"excerpt":{"rendered":"<p>Perqu\u00e8 sabem que confies en la nostra cuina, perqu\u00e8 sense tu Cuinats Carrer Major no seria possible\u2026 volem premiar la teva fidelitat! Demana la teva targeta i aconsegueix un segell amb cada compra Pots acumular segells per: Men\u00fa diari. Plat del dia. Pollastres a l\u2019ast. Aix\u00ed que no t\u2019oblidis, porta-la sempre a la cartera i<br \/><a class=\"moretag\" href=\"https:\/\/www.cuinatscarrermajor.com\/es\/targeta-fidelitat\/\">+ Read More<\/a><\/p>","protected":false},"author":1065413,"featured_media":5174,"parent":0,"menu_order":0,"comment_status":"closed","ping_status":"closed","template":"templates\/page-fullwidth_template.php","meta":{"footnotes":""},"class_list":["post-4182","page","type-page","status-publish","has-post-thumbnail","hentry"],"_links":{"self":[{"href":"https:\/\/www.cuinatscarrermajor.com\/es\/wp-json\/wp\/v2\/pages\/4182","targetHints":{"allow":["GET"]}}],"collection":[{"href":"https:\/\/www.cuinatscarrermajor.com\/es\/wp-json\/wp\/v2\/pages"}],"about":[{"href":"https:\/\/www.cuinatscarrermajor.com\/es\/wp-json\/wp\/v2\/types\/page"}],"author":[{"embeddable":true,"href":"https:\/\/www.cuinatscarrermajor.com\/es\/wp-json\/wp\/v2\/users\/1065413"}],"replies":[{"embeddable":true,"href":"https:\/\/www.cuinatscarrermajor.com\/es\/wp-json\/wp\/v2\/comments?post=4182"}],"version-history":[{"count":1,"href":"https:\/\/www.cuinatscarrermajor.com\/es\/wp-json\/wp\/v2\/pages\/4182\/revisions"}],"predecessor-version":[{"id":14188,"href":"https:\/\/www.cuinatscarrermajor.com\/es\/wp-json\/wp\/v2\/pages\/4182\/revisions\/14188"}],"wp:featuredmedia":[{"embeddable":true,"href":"https:\/\/www.cuinatscarrermajor.com\/es\/wp-json\/wp\/v2\/media\/5174"}],"wp:attachment":[{"href":"https:\/\/www.cuinatscarrermajor.com\/es\/wp-json\/wp\/v2\/media?parent=4182"}],"curies":[{"name":"wp","href":"https:\/\/api.w.org\/{rel}","templated":true}]}}